{"id":5061,"date":"2025-05-12T11:46:27","date_gmt":"2025-05-12T09:46:27","guid":{"rendered":"https:\/\/wellauer-tabak.ch\/dichiarazione-di-missione\/"},"modified":"2025-07-24T15:34:04","modified_gmt":"2025-07-24T13:34:04","slug":"dichiarazione-di-missione","status":"publish","type":"page","link":"https:\/\/wellauer-tabak.ch\/it\/dichiarazione-di-missione\/","title":{"rendered":"Dichiarazione di missione"},"content":{"rendered":"\t\t<div data-elementor-type=\"wp-page\" data-elementor-id=\"5061\" class=\"elementor elementor-5061 elementor-2540\" data-elementor-post-type=\"page\">\n\t\t\t\t<section class=\"elementor-element elementor-element-9964179 e-flex e-con-boxed e-con e-parent\" data-id=\"9964179\" data-element_type=\"container\" data-e-type=\"container\" data-settings=\"{&quot;background_background&quot;:&quot;classic&quot;,&quot;position&quot;:&quot;fixed&quot;}\">\n\t\t\t\t\t<div class=\"e-con-inner\">\n\t\t<div class=\"elementor-element elementor-element-6bdaa6b e-con-full e-flex e-con e-child\" data-id=\"6bdaa6b\" data-element_type=\"container\" data-e-type=\"container\">\n\t\t\t\t<div class=\"elementor-element elementor-element-5814615 elementor-widget elementor-widget-heading\" data-id=\"5814615\" data-element_type=\"widget\" data-e-type=\"widget\" data-widget_type=\"heading.default\">\n\t\t\t\t<div class=\"elementor-widget-container\">\n\t\t\t\t\t<h1 class=\"elementor-heading-title elementor-size-default\">Valori vissuti come base.<\/h1>\t\t\t\t<\/div>\n\t\t\t\t<\/div>\n\t\t\t\t<div class=\"elementor-element elementor-element-8dd1477 elementor-widget__width-initial elementor-widget elementor-widget-text-editor\" data-id=\"8dd1477\" data-element_type=\"widget\" data-e-type=\"widget\" data-widget_type=\"text-editor.default\">\n\t\t\t\t<div class=\"elementor-widget-container\">\n\t\t\t\t\t\t\t\t\t<p>Wellauer AG \u00e8 caratterizzata da convinzione, attitudine e un chiaro sistema di valori. Vicinanza al cliente, correttezza e responsabilit\u00e0 caratterizzano le nostre azioni quotidiane, supportate dal rispetto reciproco, dalla diversit\u00e0 e dall&#8217;impegno dei nostri dipendenti. <\/p>\t\t\t\t\t\t\t\t<\/div>\n\t\t\t\t<\/div>\n\t\t\t\t<\/div>\n\t\t\t\t\t<\/div>\n\t\t\t\t<\/section>\n\t\t<div class=\"elementor-element elementor-element-3417e29 animated-line e-flex e-con-boxed e-con e-parent\" data-id=\"3417e29\" data-element_type=\"container\" data-e-type=\"container\" data-settings=\"{&quot;background_background&quot;:&quot;classic&quot;}\">\n\t\t\t\t\t<div class=\"e-con-inner\">\n\t\t\t\t<div class=\"elementor-element elementor-element-754b2c8 elementor-widget elementor-widget-heading\" data-id=\"754b2c8\" data-element_type=\"widget\" data-e-type=\"widget\" data-widget_type=\"heading.default\">\n\t\t\t\t<div class=\"elementor-widget-container\">\n\t\t\t\t\t<h3 class=\"elementor-heading-title elementor-size-default\">I nostri valori<\/h3>\t\t\t\t<\/div>\n\t\t\t\t<\/div>\n\t\t\t\t<div class=\"elementor-element elementor-element-fec8c1d elementor-widget elementor-widget-dcwi-text-block\" data-id=\"fec8c1d\" data-element_type=\"widget\" data-e-type=\"widget\" data-widget_type=\"dcwi-text-block.default\">\n\t\t\t\t<div class=\"elementor-widget-container\">\n\t\t\t\t\t        <div class=\"m-textBlock -onLight\">\n            <div class=\"m-textBlock__element -heading \"\"><h2 class=\"m-textBlock__heading r-revealSingle r-revealHidden \">Kundenbed\u00fcrfnisse im Fokus unserer Arbeit.<\/h2><\/div><div class=\"m-textBlock__element r-revealNested r-revealHidden   u-text-lead\">Die Wellauer AG ist ein f\u00fchrendes, eigent\u00fcmergef\u00fchrtes Schweizer Unternehmen der Tabakbranche. In enger Zusammenarbeit mit unseren Lieferanten gestalten wir unser Angebot gezielt nach den Bed\u00fcrfnissen unserer Kundinnen und Kunden. Dabei setzen wir auf echte Kundenn\u00e4he, gegenseitiges Vertrauen, Fairness und Flexibilit\u00e4t. Nachhaltiges, profitables Wachstum sowie engagierte, kompetente und motivierte Mitarbeitende bilden die Basis unseres langfristigen Erfolgs. Mit diesen Werten und Prinzipien sichern wir unsere Zukunft und bleiben ein zuverl\u00e4ssiger Partner f\u00fcr Kunden, Lieferanten und unser Team.<\/div>        <\/div>\n        \t\t\t\t<\/div>\n\t\t\t\t<\/div>\n\t\t\t\t<div class=\"elementor-element elementor-element-946f7c6 elementor-widget elementor-widget-heading\" data-id=\"946f7c6\" data-element_type=\"widget\" data-e-type=\"widget\" data-widget_type=\"heading.default\">\n\t\t\t\t<div class=\"elementor-widget-container\">\n\t\t\t\t\t<h3 class=\"elementor-heading-title elementor-size-default\">I nostri valori<\/h3>\t\t\t\t<\/div>\n\t\t\t\t<\/div>\n\t\t\t\t<div class=\"elementor-element elementor-element-199f315 elementor-widget elementor-widget-dcwi-text-block\" data-id=\"199f315\" data-element_type=\"widget\" data-e-type=\"widget\" data-widget_type=\"dcwi-text-block.default\">\n\t\t\t\t<div class=\"elementor-widget-container\">\n\t\t\t\t\t        <div class=\"m-textBlock -onLight\">\n            <div class=\"m-textBlock__element -heading \"\"><h2 class=\"m-textBlock__heading r-revealSingle r-revealHidden \">Kundenbed\u00fcrfnisse im Fokus unserer Arbeit.<\/h2><\/div><div class=\"m-textBlock__element r-revealNested r-revealHidden   u-text-lead\"><ul>\n \t<li>\u2022 Unsere Kundinnen und Kunden stehen im Zentrum unseres Handelns.<\/li>\n \t<li>\u2022 Wir setzen alles daran, ihre Erwartungen nicht nur zu erf\u00fcllen, sondern zu \u00fcbertreffen.<\/li>\n \t<li>\u2022 Transparenz, Vertrauen und pers\u00f6nlicher Kontakt bilden die Grundlage f\u00fcr unsere langfristig bestehenden Kundenbeziehungen.<\/li>\n \t<li>\u2022 Fachkompetenz, Marktkenntnis, Professionalit\u00e4t und Flexibilit\u00e4t z\u00e4hlen zu unseren zentralen St\u00e4rken.<\/li>\n \t<li>\u2022 Wir bekennen uns zu fairem Wettbewerb und handeln stets nach h\u00f6chsten ethischen Prinzipien.<\/li>\n \t<li>\u2022 Innovationskraft und fr\u00fchzeitige Marktanpassung sichern unseren nachhaltigen Erfolg.<\/li>\n \t<li><\/li>\n<\/ul><\/div>        <\/div>\n        \t\t\t\t<\/div>\n\t\t\t\t<\/div>\n\t\t\t\t\t<\/div>\n\t\t\t\t<\/div>\n\t\t<div class=\"elementor-element elementor-element-9f697a9 e-flex e-con-boxed e-con e-parent\" data-id=\"9f697a9\" data-element_type=\"container\" data-e-type=\"container\" data-settings=\"{&quot;background_background&quot;:&quot;classic&quot;}\">\n\t\t\t\t\t<div class=\"e-con-inner\">\n\t\t<div class=\"elementor-element elementor-element-47bac7c e-con-full e-flex e-con e-child\" data-id=\"47bac7c\" data-element_type=\"container\" data-e-type=\"container\">\n\t\t\t\t<div class=\"elementor-element elementor-element-36fda41 elementor-widget elementor-widget-dcwi--teaser-block\" data-id=\"36fda41\" data-element_type=\"widget\" data-e-type=\"widget\" data-widget_type=\"dcwi--teaser-block.default\">\n\t\t\t\t<div class=\"elementor-widget-container\">\n\t\t\t\t\t            <div class=\"o-teaser o-teaser--type-1\" style=\"background-image: url(https:\/\/wellauer-tabak.ch\/wp-content\/uploads\/2025\/04\/pattern-bg-bluee.png); background-size: cover; background-position: center; background-repeat: no-repeat;\">\n                <div class=\"m-teaser-info\">\n                    <h2 class=\"a-heading\">Sperimenta i vantaggi di una solida partnership.<\/h2>\n                    <p class=\"a-paragraph\">Per un vantaggio competitivo e un successo sostenibile.<\/p>\n                    <a href=\"https:\/\/wellauer-tabak.ch\/it\/partner-programm\/\"\n                       class=\"a-button-secondary-wrap\"\n                       target=\"_self\"\n                       >\n                        <span class=\"a-button-secondary a-button-secondary--default\">\n                            Al programma partner                        <\/span>\n                        <span class=\"a-button-secondary a-button-secondary--hover\">\n                            Al programma partner                        <\/span>\n                    <\/a>\n                <\/div>\n            <\/div>\n            \t\t\t\t<\/div>\n\t\t\t\t<\/div>\n\t\t\t\t<\/div>\n\t\t<div class=\"elementor-element elementor-element-71aaa95 e-con-full e-flex e-con e-child\" data-id=\"71aaa95\" data-element_type=\"container\" data-e-type=\"container\">\n\t\t\t\t<div class=\"elementor-element elementor-element-f06f9d3 elementor-widget elementor-widget-dcwi--teaser-block\" data-id=\"f06f9d3\" data-element_type=\"widget\" data-e-type=\"widget\" data-widget_type=\"dcwi--teaser-block.default\">\n\t\t\t\t<div class=\"elementor-widget-container\">\n\t\t\t\t\t            <div class=\"o-teaser o-teaser--type-2\" style=\"background-image: url(https:\/\/wellauer-tabak.ch\/wp-content\/uploads\/2025\/04\/pattern-bg-goldd.jpg); background-size: cover; background-position: center; background-repeat: no-repeat;\">\n                <div class=\"m-teaser-info m-teaser-info--type-2\">\n                    <h2 class=\"a-heading\">Contattaci per qualsiasi domanda.<\/h2>\n                    <p class=\"a-paragraph\">Max Mustermann, HR\nSede centrale Rheineck, 071 571 11 66<\/p>\n                    <a href=\"https:\/\/wellauer-tabak.ch\/it\/kontakt\/\"\n                       class=\"a-button-secondary-wrap\"\n                       target=\"_self\"\n                       >\n                        <span class=\"a-button-secondary a-button-secondary--default\">\n                            Al modulo di contatto                        <\/span>\n                        <span class=\"a-button-secondary a-button-secondary--hover\">\n                            Al modulo di contatto                        <\/span>\n                    <\/a>\n                <\/div>\n                                    <img decoding=\"async\" src=\"https:\/\/wellauer-tabak.ch\/wp-content\/uploads\/2025\/04\/27d9f40f8a72d103aea04ea55ab5d4db.png\"\n                         alt=\"Type 2 image\"\n                         class=\"a-image a-image--person\">\n                            <\/div>\n            \t\t\t\t<\/div>\n\t\t\t\t<\/div>\n\t\t\t\t<\/div>\n\t\t\t\t\t<\/div>\n\t\t\t\t<\/div>\n\t\t\t\t<\/div>\n\t\t","protected":false},"excerpt":{"rendered":"<p>Valori vissuti come base. Wellauer AG \u00e8 caratterizzata da convinzione, attitudine e un chiaro sistema di valori. Vicinanza al cliente, correttezza e responsabilit\u00e0 caratterizzano le nostre azioni quotidiane, supportate dal rispetto reciproco, dalla diversit\u00e0 e dall&#8217;impegno dei nostri dipendenti. I nostri valori Kundenbed\u00fcrfnisse im Fokus unserer Arbeit. Die Wellauer AG [&hellip;]<\/p>\n","protected":false},"author":1,"featured_media":0,"parent":0,"menu_order":0,"comment_status":"closed","ping_status":"closed","template":"","meta":{"_acf_changed":false,"footnotes":""},"class_list":["post-5061","page","type-page","status-publish","hentry"],"acf":[],"yoast_head":"<!-- This site is optimized with the Yoast SEO plugin v27.4 - https:\/\/yoast.com\/product\/yoast-seo-wordpress\/ -->\n<title>Dichiarazione di missione - Wellauer<\/title>\n<meta name=\"robots\" content=\"index, follow, max-snippet:-1, max-image-preview:large, max-video-preview:-1\" \/>\n<link rel=\"canonical\" href=\"https:\/\/wellauer-tabak.ch\/it\/dichiarazione-di-missione\/\" \/>\n<meta property=\"og:locale\" content=\"it_IT\" \/>\n<meta property=\"og:type\" content=\"article\" \/>\n<meta property=\"og:title\" content=\"Dichiarazione di missione - Wellauer\" \/>\n<meta property=\"og:description\" content=\"Valori vissuti come base. Wellauer AG \u00e8 caratterizzata da convinzione, attitudine e un chiaro sistema di valori. Vicinanza al cliente, correttezza e responsabilit\u00e0 caratterizzano le nostre azioni quotidiane, supportate dal rispetto reciproco, dalla diversit\u00e0 e dall&#8217;impegno dei nostri dipendenti. I nostri valori Kundenbed\u00fcrfnisse im Fokus unserer Arbeit. Die Wellauer AG [&hellip;]\" \/>\n<meta property=\"og:url\" content=\"https:\/\/wellauer-tabak.ch\/it\/dichiarazione-di-missione\/\" \/>\n<meta property=\"og:site_name\" content=\"Wellauer\" \/>\n<meta property=\"article:modified_time\" content=\"2025-07-24T13:34:04+00:00\" \/>\n<meta property=\"og:image\" content=\"https:\/\/wellauer-tabak.ch\/wp-content\/uploads\/2025\/04\/27d9f40f8a72d103aea04ea55ab5d4db.png\" \/>\n<meta name=\"twitter:card\" content=\"summary_large_image\" \/>\n<meta name=\"twitter:label1\" content=\"Est. reading time\" \/>\n\t<meta name=\"twitter:data1\" content=\"1 minute\" \/>\n<script type=\"application\/ld+json\" class=\"yoast-schema-graph\">{\"@context\":\"https:\\\/\\\/schema.org\",\"@graph\":[{\"@type\":\"WebPage\",\"@id\":\"https:\\\/\\\/wellauer-tabak.ch\\\/it\\\/dichiarazione-di-missione\\\/\",\"url\":\"https:\\\/\\\/wellauer-tabak.ch\\\/it\\\/dichiarazione-di-missione\\\/\",\"name\":\"Dichiarazione di missione - Wellauer\",\"isPartOf\":{\"@id\":\"https:\\\/\\\/wellauer-tabak.ch\\\/de\\\/#website\"},\"primaryImageOfPage\":{\"@id\":\"https:\\\/\\\/wellauer-tabak.ch\\\/it\\\/dichiarazione-di-missione\\\/#primaryimage\"},\"image\":{\"@id\":\"https:\\\/\\\/wellauer-tabak.ch\\\/it\\\/dichiarazione-di-missione\\\/#primaryimage\"},\"thumbnailUrl\":\"https:\\\/\\\/wellauer-tabak.ch\\\/wp-content\\\/uploads\\\/2025\\\/04\\\/27d9f40f8a72d103aea04ea55ab5d4db.png\",\"datePublished\":\"2025-05-12T09:46:27+00:00\",\"dateModified\":\"2025-07-24T13:34:04+00:00\",\"breadcrumb\":{\"@id\":\"https:\\\/\\\/wellauer-tabak.ch\\\/it\\\/dichiarazione-di-missione\\\/#breadcrumb\"},\"inLanguage\":\"it-IT\",\"potentialAction\":[{\"@type\":\"ReadAction\",\"target\":[\"https:\\\/\\\/wellauer-tabak.ch\\\/it\\\/dichiarazione-di-missione\\\/\"]}]},{\"@type\":\"ImageObject\",\"inLanguage\":\"it-IT\",\"@id\":\"https:\\\/\\\/wellauer-tabak.ch\\\/it\\\/dichiarazione-di-missione\\\/#primaryimage\",\"url\":\"https:\\\/\\\/wellauer-tabak.ch\\\/wp-content\\\/uploads\\\/2025\\\/04\\\/27d9f40f8a72d103aea04ea55ab5d4db.png\",\"contentUrl\":\"https:\\\/\\\/wellauer-tabak.ch\\\/wp-content\\\/uploads\\\/2025\\\/04\\\/27d9f40f8a72d103aea04ea55ab5d4db.png\"},{\"@type\":\"BreadcrumbList\",\"@id\":\"https:\\\/\\\/wellauer-tabak.ch\\\/it\\\/dichiarazione-di-missione\\\/#breadcrumb\",\"itemListElement\":[{\"@type\":\"ListItem\",\"position\":1,\"name\":\"Home\",\"item\":\"https:\\\/\\\/wellauer-tabak.ch\\\/it\\\/\"},{\"@type\":\"ListItem\",\"position\":2,\"name\":\"Dichiarazione di missione\"}]},{\"@type\":\"WebSite\",\"@id\":\"https:\\\/\\\/wellauer-tabak.ch\\\/de\\\/#website\",\"url\":\"https:\\\/\\\/wellauer-tabak.ch\\\/de\\\/\",\"name\":\"Wellauer\",\"description\":\"Wellauer Tabak\",\"publisher\":{\"@id\":\"https:\\\/\\\/wellauer-tabak.ch\\\/de\\\/#organization\"},\"potentialAction\":[{\"@type\":\"SearchAction\",\"target\":{\"@type\":\"EntryPoint\",\"urlTemplate\":\"https:\\\/\\\/wellauer-tabak.ch\\\/de\\\/?s={search_term_string}\"},\"query-input\":{\"@type\":\"PropertyValueSpecification\",\"valueRequired\":true,\"valueName\":\"search_term_string\"}}],\"inLanguage\":\"it-IT\"},{\"@type\":\"Organization\",\"@id\":\"https:\\\/\\\/wellauer-tabak.ch\\\/de\\\/#organization\",\"name\":\"Wellauer\",\"url\":\"https:\\\/\\\/wellauer-tabak.ch\\\/de\\\/\",\"logo\":{\"@type\":\"ImageObject\",\"inLanguage\":\"it-IT\",\"@id\":\"https:\\\/\\\/wellauer-tabak.ch\\\/de\\\/#\\\/schema\\\/logo\\\/image\\\/\",\"url\":\"https:\\\/\\\/wellauer-tabak.ch\\\/wp-content\\\/uploads\\\/2025\\\/03\\\/Logo.svg\",\"contentUrl\":\"https:\\\/\\\/wellauer-tabak.ch\\\/wp-content\\\/uploads\\\/2025\\\/03\\\/Logo.svg\",\"width\":204,\"height\":48,\"caption\":\"Wellauer\"},\"image\":{\"@id\":\"https:\\\/\\\/wellauer-tabak.ch\\\/de\\\/#\\\/schema\\\/logo\\\/image\\\/\"}}]}<\/script>\n<!-- \/ Yoast SEO plugin. -->","yoast_head_json":{"title":"Dichiarazione di missione - Wellauer","robots":{"index":"index","follow":"follow","max-snippet":"max-snippet:-1","max-image-preview":"max-image-preview:large","max-video-preview":"max-video-preview:-1"},"canonical":"https:\/\/wellauer-tabak.ch\/it\/dichiarazione-di-missione\/","og_locale":"it_IT","og_type":"article","og_title":"Dichiarazione di missione - Wellauer","og_description":"Valori vissuti come base. Wellauer AG \u00e8 caratterizzata da convinzione, attitudine e un chiaro sistema di valori. Vicinanza al cliente, correttezza e responsabilit\u00e0 caratterizzano le nostre azioni quotidiane, supportate dal rispetto reciproco, dalla diversit\u00e0 e dall&#8217;impegno dei nostri dipendenti. I nostri valori Kundenbed\u00fcrfnisse im Fokus unserer Arbeit. Die Wellauer AG [&hellip;]","og_url":"https:\/\/wellauer-tabak.ch\/it\/dichiarazione-di-missione\/","og_site_name":"Wellauer","article_modified_time":"2025-07-24T13:34:04+00:00","og_image":[{"url":"https:\/\/wellauer-tabak.ch\/wp-content\/uploads\/2025\/04\/27d9f40f8a72d103aea04ea55ab5d4db.png","type":"","width":"","height":""}],"twitter_card":"summary_large_image","twitter_misc":{"Est. reading time":"1 minute"},"schema":{"@context":"https:\/\/schema.org","@graph":[{"@type":"WebPage","@id":"https:\/\/wellauer-tabak.ch\/it\/dichiarazione-di-missione\/","url":"https:\/\/wellauer-tabak.ch\/it\/dichiarazione-di-missione\/","name":"Dichiarazione di missione - Wellauer","isPartOf":{"@id":"https:\/\/wellauer-tabak.ch\/de\/#website"},"primaryImageOfPage":{"@id":"https:\/\/wellauer-tabak.ch\/it\/dichiarazione-di-missione\/#primaryimage"},"image":{"@id":"https:\/\/wellauer-tabak.ch\/it\/dichiarazione-di-missione\/#primaryimage"},"thumbnailUrl":"https:\/\/wellauer-tabak.ch\/wp-content\/uploads\/2025\/04\/27d9f40f8a72d103aea04ea55ab5d4db.png","datePublished":"2025-05-12T09:46:27+00:00","dateModified":"2025-07-24T13:34:04+00:00","breadcrumb":{"@id":"https:\/\/wellauer-tabak.ch\/it\/dichiarazione-di-missione\/#breadcrumb"},"inLanguage":"it-IT","potentialAction":[{"@type":"ReadAction","target":["https:\/\/wellauer-tabak.ch\/it\/dichiarazione-di-missione\/"]}]},{"@type":"ImageObject","inLanguage":"it-IT","@id":"https:\/\/wellauer-tabak.ch\/it\/dichiarazione-di-missione\/#primaryimage","url":"https:\/\/wellauer-tabak.ch\/wp-content\/uploads\/2025\/04\/27d9f40f8a72d103aea04ea55ab5d4db.png","contentUrl":"https:\/\/wellauer-tabak.ch\/wp-content\/uploads\/2025\/04\/27d9f40f8a72d103aea04ea55ab5d4db.png"},{"@type":"BreadcrumbList","@id":"https:\/\/wellauer-tabak.ch\/it\/dichiarazione-di-missione\/#breadcrumb","itemListElement":[{"@type":"ListItem","position":1,"name":"Home","item":"https:\/\/wellauer-tabak.ch\/it\/"},{"@type":"ListItem","position":2,"name":"Dichiarazione di missione"}]},{"@type":"WebSite","@id":"https:\/\/wellauer-tabak.ch\/de\/#website","url":"https:\/\/wellauer-tabak.ch\/de\/","name":"Wellauer","description":"Wellauer Tabak","publisher":{"@id":"https:\/\/wellauer-tabak.ch\/de\/#organization"},"potentialAction":[{"@type":"SearchAction","target":{"@type":"EntryPoint","urlTemplate":"https:\/\/wellauer-tabak.ch\/de\/?s={search_term_string}"},"query-input":{"@type":"PropertyValueSpecification","valueRequired":true,"valueName":"search_term_string"}}],"inLanguage":"it-IT"},{"@type":"Organization","@id":"https:\/\/wellauer-tabak.ch\/de\/#organization","name":"Wellauer","url":"https:\/\/wellauer-tabak.ch\/de\/","logo":{"@type":"ImageObject","inLanguage":"it-IT","@id":"https:\/\/wellauer-tabak.ch\/de\/#\/schema\/logo\/image\/","url":"https:\/\/wellauer-tabak.ch\/wp-content\/uploads\/2025\/03\/Logo.svg","contentUrl":"https:\/\/wellauer-tabak.ch\/wp-content\/uploads\/2025\/03\/Logo.svg","width":204,"height":48,"caption":"Wellauer"},"image":{"@id":"https:\/\/wellauer-tabak.ch\/de\/#\/schema\/logo\/image\/"}}]}},"_links":{"self":[{"href":"https:\/\/wellauer-tabak.ch\/it\/wp-json\/wp\/v2\/pages\/5061","targetHints":{"allow":["GET"]}}],"collection":[{"href":"https:\/\/wellauer-tabak.ch\/it\/wp-json\/wp\/v2\/pages"}],"about":[{"href":"https:\/\/wellauer-tabak.ch\/it\/wp-json\/wp\/v2\/types\/page"}],"author":[{"embeddable":true,"href":"https:\/\/wellauer-tabak.ch\/it\/wp-json\/wp\/v2\/users\/1"}],"replies":[{"embeddable":true,"href":"https:\/\/wellauer-tabak.ch\/it\/wp-json\/wp\/v2\/comments?post=5061"}],"version-history":[{"count":2,"href":"https:\/\/wellauer-tabak.ch\/it\/wp-json\/wp\/v2\/pages\/5061\/revisions"}],"predecessor-version":[{"id":5063,"href":"https:\/\/wellauer-tabak.ch\/it\/wp-json\/wp\/v2\/pages\/5061\/revisions\/5063"}],"wp:attachment":[{"href":"https:\/\/wellauer-tabak.ch\/it\/wp-json\/wp\/v2\/media?parent=5061"}],"curies":[{"name":"wp","href":"https:\/\/api.w.org\/{rel}","templated":true}]}}