{"id":2531,"date":"2025-05-12T11:25:24","date_gmt":"2025-05-12T11:25:24","guid":{"rendered":"https:\/\/wellauer-tabak.ch\/?page_id=2531"},"modified":"2025-05-12T11:50:22","modified_gmt":"2025-05-12T11:50:22","slug":"karriere","status":"publish","type":"page","link":"https:\/\/wellauer-tabak.ch\/de\/karriere\/","title":{"rendered":"Karriere"},"content":{"rendered":"\t\t<div data-elementor-type=\"wp-page\" data-elementor-id=\"2531\" class=\"elementor elementor-2531\" data-elementor-post-type=\"page\">\n\t\t\t\t<section class=\"elementor-element elementor-element-9964179 e-flex e-con-boxed e-con e-parent\" data-id=\"9964179\" data-element_type=\"container\" data-e-type=\"container\" data-settings=\"{&quot;background_background&quot;:&quot;classic&quot;,&quot;position&quot;:&quot;fixed&quot;}\">\n\t\t\t\t\t<div class=\"e-con-inner\">\n\t\t<div class=\"elementor-element elementor-element-6bdaa6b e-con-full e-flex e-con e-child\" data-id=\"6bdaa6b\" data-element_type=\"container\" data-e-type=\"container\">\n\t\t\t\t<div class=\"elementor-element elementor-element-5814615 elementor-widget elementor-widget-heading\" data-id=\"5814615\" data-element_type=\"widget\" data-e-type=\"widget\" data-widget_type=\"heading.default\">\n\t\t\t\t<div class=\"elementor-widget-container\">\n\t\t\t\t\t<h1 class=\"elementor-heading-title elementor-size-default\">Werden Sie Teil von Wellauer!<\/h1>\t\t\t\t<\/div>\n\t\t\t\t<\/div>\n\t\t\t\t<div class=\"elementor-element elementor-element-8dd1477 elementor-widget__width-initial elementor-widget elementor-widget-text-editor\" data-id=\"8dd1477\" data-element_type=\"widget\" data-e-type=\"widget\" data-widget_type=\"text-editor.default\">\n\t\t\t\t<div class=\"elementor-widget-container\">\n\t\t\t\t\t\t\t\t\t<p>Bei Wellauer erwartet Sie ein respektvolles Miteinander, echte Wertsch\u00e4tzung und Raum zur Weiterentwicklung. Wir f\u00f6rdern Vielfalt, Chancengleichheit und Eigenverantwortung \u2013 und bieten ein motivierendes Umfeld f\u00fcr Menschen, die sich langfristig einbringen wollen. Bewerben Sie sich jetzt und werden Sie Teil unseres Teams.<\/p>\t\t\t\t\t\t\t\t<\/div>\n\t\t\t\t<\/div>\n\t\t\t\t<\/div>\n\t\t\t\t\t<\/div>\n\t\t\t\t<\/section>\n\t\t<div class=\"elementor-element elementor-element-3417e29 animated-line e-flex e-con-boxed e-con e-parent\" data-id=\"3417e29\" data-element_type=\"container\" data-e-type=\"container\" data-settings=\"{&quot;background_background&quot;:&quot;classic&quot;}\">\n\t\t\t\t\t<div class=\"e-con-inner\">\n\t\t\t\t<div class=\"elementor-element elementor-element-754b2c8 elementor-widget elementor-widget-heading\" data-id=\"754b2c8\" data-element_type=\"widget\" data-e-type=\"widget\" data-widget_type=\"heading.default\">\n\t\t\t\t<div class=\"elementor-widget-container\">\n\t\t\t\t\t<h3 class=\"elementor-heading-title elementor-size-default\">Offene Stellen bei Wellauer\n<\/h3>\t\t\t\t<\/div>\n\t\t\t\t<\/div>\n\t\t\t\t<div class=\"elementor-element elementor-element-fec8c1d elementor-widget elementor-widget-dcwi-text-block\" data-id=\"fec8c1d\" data-element_type=\"widget\" data-e-type=\"widget\" data-widget_type=\"dcwi-text-block.default\">\n\t\t\t\t<div class=\"elementor-widget-container\">\n\t\t\t\t\t        <div class=\"m-textBlock -onLight\">\n            <div class=\"m-textBlock__element -heading \"\"><h2 class=\"m-textBlock__heading r-revealSingle r-revealHidden \">Ihre Chance zum Durchstarten bei Wellauer.<\/h2><\/div><div class=\"m-textBlock__element r-revealNested r-revealHidden   u-text-lead\"><p>Aktuell haben wir keine offenen Stellen zu besetzen. Wir nehmen jedoch gerne auch Blindbewerbungen entgegen und melden uns, sobald wir eine passende Vakanz f\u00fcr Sie haben.<\/p><\/div>        <\/div>\n        \t\t\t\t<\/div>\n\t\t\t\t<\/div>\n\t\t\t\t<div class=\"elementor-element elementor-element-946f7c6 elementor-widget elementor-widget-heading\" data-id=\"946f7c6\" data-element_type=\"widget\" data-e-type=\"widget\" data-widget_type=\"heading.default\">\n\t\t\t\t<div class=\"elementor-widget-container\">\n\t\t\t\t\t<h3 class=\"elementor-heading-title elementor-size-default\">Unsere Haltung als Arbeitgeber<\/h3>\t\t\t\t<\/div>\n\t\t\t\t<\/div>\n\t\t\t\t<div class=\"elementor-element elementor-element-199f315 elementor-widget elementor-widget-dcwi-text-block\" data-id=\"199f315\" data-element_type=\"widget\" data-e-type=\"widget\" data-widget_type=\"dcwi-text-block.default\">\n\t\t\t\t<div class=\"elementor-widget-container\">\n\t\t\t\t\t        <div class=\"m-textBlock -onLight\">\n            <div class=\"m-textBlock__element -heading \"\"><h2 class=\"m-textBlock__heading r-revealSingle r-revealHidden \">Bei uns z\u00e4hlt der Mensch.<\/h2><\/div><div class=\"m-textBlock__element r-revealNested r-revealHidden   u-text-lead\">Die Wellauer AG pflegt eine Unternehmenskultur, die von Respekt, Gleichberechtigung und gelebter Vielfalt getragen wird. Wir setzen uns konsequent f\u00fcr Chancengleichheit ein \u2013 unabh\u00e4ngig von Geschlecht, Sprache, Herkunft, ethnischer oder religi\u00f6ser Zugeh\u00f6rigkeit, Alter, Gesundheit oder Lebensform. Diskriminierung, Mobbing oder Bel\u00e4stigung haben bei uns keinen Platz. Stattdessen schaffen wir ein sicheres, wertsch\u00e4tzendes und w\u00fcrdevolles Arbeitsumfeld f\u00fcr alle.<\/div>        <\/div>\n        \t\t\t\t<\/div>\n\t\t\t\t<\/div>\n\t\t\t\t<div class=\"elementor-element elementor-element-87bbda3 elementor-widget elementor-widget-heading\" data-id=\"87bbda3\" data-element_type=\"widget\" data-e-type=\"widget\" data-widget_type=\"heading.default\">\n\t\t\t\t<div class=\"elementor-widget-container\">\n\t\t\t\t\t<h3 class=\"elementor-heading-title elementor-size-default\">Starke Werte im Arbeitsalltag<\/h3>\t\t\t\t<\/div>\n\t\t\t\t<\/div>\n\t\t\t\t<div class=\"elementor-element elementor-element-e246957 elementor-widget elementor-widget-dcwi-text-block\" data-id=\"e246957\" data-element_type=\"widget\" data-e-type=\"widget\" data-widget_type=\"dcwi-text-block.default\">\n\t\t\t\t<div class=\"elementor-widget-container\">\n\t\t\t\t\t        <div class=\"m-textBlock -onLight\">\n            <div class=\"m-textBlock__element -heading \"\"><h2 class=\"m-textBlock__heading r-revealSingle r-revealHidden \">Weil unser Team unser Erfolg ist. <\/h2><\/div><div class=\"m-textBlock__element r-revealNested r-revealHidden   u-text-lead\"><p>\u2022 Unsere Mitarbeitenden bilden das Fundament unseres Erfolgs.<br \/>\u2022 Wir pflegen eine Kultur der offenen Kommunikation, Wertsch\u00e4tzung und Anerkennung.<br \/>\u2022 Gesundheit, Arbeitssicherheit und pers\u00f6nliche Integrit\u00e4t stehen bei uns an oberster Stelle.<br \/>\u2022 Langfristige Zusammenarbeit beruht auf Kompetenz, Engagement und Identifikation mit der Wellauer AG.<br \/>\u2022 Individuelle Weiterbildungen er\u00f6ffnen unseren Mitarbeitenden gezielte Entwicklungsm\u00f6glichkeiten.<br \/>\u2022 Gegenseitiges Vertrauen, Respekt und Eigenverantwortung pr\u00e4gen unser t\u00e4gliches Miteinander.<\/p><\/div>        <\/div>\n        \t\t\t\t<\/div>\n\t\t\t\t<\/div>\n\t\t\t\t\t<\/div>\n\t\t\t\t<\/div>\n\t\t<div class=\"elementor-element elementor-element-9f697a9 e-flex e-con-boxed e-con e-parent\" data-id=\"9f697a9\" data-element_type=\"container\" data-e-type=\"container\" data-settings=\"{&quot;background_background&quot;:&quot;classic&quot;}\">\n\t\t\t\t\t<div class=\"e-con-inner\">\n\t\t<div class=\"elementor-element elementor-element-47bac7c e-con-full e-flex e-con e-child\" data-id=\"47bac7c\" data-element_type=\"container\" data-e-type=\"container\">\n\t\t\t\t<div class=\"elementor-element elementor-element-36fda41 elementor-widget elementor-widget-dcwi--teaser-block\" data-id=\"36fda41\" data-element_type=\"widget\" data-e-type=\"widget\" data-widget_type=\"dcwi--teaser-block.default\">\n\t\t\t\t<div class=\"elementor-widget-container\">\n\t\t\t\t\t            <div class=\"o-teaser o-teaser--type-1\" style=\"background-image: url(https:\/\/wellauer-tabak.ch\/wp-content\/uploads\/2025\/04\/pattern-bg-bluee.png); background-size: cover; background-position: center; background-repeat: no-repeat;\">\n                <div class=\"m-teaser-info\">\n                    <h2 class=\"a-heading\">Erfahren Sie mehr \u00fcber die gelebten Werte bei Wellauer.<\/h2>\n                    <p class=\"a-paragraph\">F\u00fcr zus\u00e4tzliche Informationen zur Philosophie von Wellauer.<\/p>\n                    <a href=\"https:\/\/wellauer-tabak.ch\/de\/leitbild\/\"\n                       class=\"a-button-secondary-wrap\"\n                       target=\"_self\"\n                       >\n                        <span class=\"a-button-secondary a-button-secondary--default\">\n                            Zum Leitbild                        <\/span>\n                        <span class=\"a-button-secondary a-button-secondary--hover\">\n                            Zum Leitbild                        <\/span>\n                    <\/a>\n                <\/div>\n            <\/div>\n            \t\t\t\t<\/div>\n\t\t\t\t<\/div>\n\t\t\t\t<\/div>\n\t\t<div class=\"elementor-element elementor-element-71aaa95 e-con-full e-flex e-con e-child\" data-id=\"71aaa95\" data-element_type=\"container\" data-e-type=\"container\">\n\t\t\t\t<div class=\"elementor-element elementor-element-f06f9d3 elementor-widget elementor-widget-dcwi--teaser-block\" data-id=\"f06f9d3\" data-element_type=\"widget\" data-e-type=\"widget\" data-widget_type=\"dcwi--teaser-block.default\">\n\t\t\t\t<div class=\"elementor-widget-container\">\n\t\t\t\t\t            <div class=\"o-teaser o-teaser--type-2\" style=\"background-image: url(https:\/\/wellauer-tabak.ch\/wp-content\/uploads\/2025\/04\/pattern-bg-goldd.jpg); background-size: cover; background-position: center; background-repeat: no-repeat;\">\n                <div class=\"m-teaser-info m-teaser-info--type-2\">\n                    <h2 class=\"a-heading\">Melden Sie sich bei Fragen.<\/h2>\n                    <p class=\"a-paragraph\">Max Mustermann, HR\nHauptsitz Rheineck, 071 571 11 66<\/p>\n                    <a href=\"https:\/\/wellauer-tabak.ch\/de\/kontakt\/\"\n                       class=\"a-button-secondary-wrap\"\n                       target=\"_self\"\n                       >\n                        <span class=\"a-button-secondary a-button-secondary--default\">\n                            Zum Kontaktformular                        <\/span>\n                        <span class=\"a-button-secondary a-button-secondary--hover\">\n                            Zum Kontaktformular                        <\/span>\n                    <\/a>\n                <\/div>\n                                    <img decoding=\"async\" src=\"https:\/\/wellauer-tabak.ch\/wp-content\/uploads\/2025\/04\/27d9f40f8a72d103aea04ea55ab5d4db.png\"\n                         alt=\"Type 2 image\"\n                         class=\"a-image a-image--person\">\n                            <\/div>\n            \t\t\t\t<\/div>\n\t\t\t\t<\/div>\n\t\t\t\t<\/div>\n\t\t\t\t\t<\/div>\n\t\t\t\t<\/div>\n\t\t\t\t<\/div>\n\t\t","protected":false},"excerpt":{"rendered":"<p>Werden Sie Teil von Wellauer! Bei Wellauer erwartet Sie ein respektvolles Miteinander, echte Wertsch\u00e4tzung und Raum zur Weiterentwicklung. Wir f\u00f6rdern Vielfalt, Chancengleichheit und Eigenverantwortung \u2013 und bieten ein motivierendes Umfeld f\u00fcr Menschen, die sich langfristig einbringen wollen. Bewerben Sie sich jetzt und werden Sie Teil unseres Teams. Offene Stellen bei [&hellip;]<\/p>\n","protected":false},"author":1,"featured_media":0,"parent":0,"menu_order":0,"comment_status":"closed","ping_status":"closed","template":"","meta":{"_acf_changed":false,"footnotes":""},"class_list":["post-2531","page","type-page","status-publish","hentry"],"acf":[],"yoast_head":"<!-- This site is optimized with the Yoast SEO plugin v27.4 - https:\/\/yoast.com\/product\/yoast-seo-wordpress\/ -->\n<title>Karriere - Wellauer<\/title>\n<meta name=\"robots\" content=\"index, follow, max-snippet:-1, max-image-preview:large, max-video-preview:-1\" \/>\n<link rel=\"canonical\" href=\"https:\/\/wellauer-tabak.ch\/de\/karriere\/\" \/>\n<meta property=\"og:locale\" content=\"de_DE\" \/>\n<meta property=\"og:type\" content=\"article\" \/>\n<meta property=\"og:title\" content=\"Karriere - Wellauer\" \/>\n<meta property=\"og:description\" content=\"Werden Sie Teil von Wellauer! Bei Wellauer erwartet Sie ein respektvolles Miteinander, echte Wertsch\u00e4tzung und Raum zur Weiterentwicklung. Wir f\u00f6rdern Vielfalt, Chancengleichheit und Eigenverantwortung \u2013 und bieten ein motivierendes Umfeld f\u00fcr Menschen, die sich langfristig einbringen wollen. Bewerben Sie sich jetzt und werden Sie Teil unseres Teams. Offene Stellen bei [&hellip;]\" \/>\n<meta property=\"og:url\" content=\"https:\/\/wellauer-tabak.ch\/de\/karriere\/\" \/>\n<meta property=\"og:site_name\" content=\"Wellauer\" \/>\n<meta property=\"article:modified_time\" content=\"2025-05-12T11:50:22+00:00\" \/>\n<meta property=\"og:image\" content=\"https:\/\/wellauer-tabak.ch\/wp-content\/uploads\/2025\/04\/27d9f40f8a72d103aea04ea55ab5d4db.png\" \/>\n<meta name=\"twitter:card\" content=\"summary_large_image\" \/>\n<meta name=\"twitter:label1\" content=\"Gesch\u00e4tzte Lesezeit\" \/>\n\t<meta name=\"twitter:data1\" content=\"2\u00a0Minuten\" \/>\n<script type=\"application\/ld+json\" class=\"yoast-schema-graph\">{\"@context\":\"https:\\\/\\\/schema.org\",\"@graph\":[{\"@type\":\"WebPage\",\"@id\":\"https:\\\/\\\/wellauer-tabak.ch\\\/de\\\/karriere\\\/\",\"url\":\"https:\\\/\\\/wellauer-tabak.ch\\\/de\\\/karriere\\\/\",\"name\":\"Karriere - Wellauer\",\"isPartOf\":{\"@id\":\"https:\\\/\\\/wellauer-tabak.ch\\\/de\\\/#website\"},\"primaryImageOfPage\":{\"@id\":\"https:\\\/\\\/wellauer-tabak.ch\\\/de\\\/karriere\\\/#primaryimage\"},\"image\":{\"@id\":\"https:\\\/\\\/wellauer-tabak.ch\\\/de\\\/karriere\\\/#primaryimage\"},\"thumbnailUrl\":\"https:\\\/\\\/wellauer-tabak.ch\\\/wp-content\\\/uploads\\\/2025\\\/04\\\/27d9f40f8a72d103aea04ea55ab5d4db.png\",\"datePublished\":\"2025-05-12T11:25:24+00:00\",\"dateModified\":\"2025-05-12T11:50:22+00:00\",\"breadcrumb\":{\"@id\":\"https:\\\/\\\/wellauer-tabak.ch\\\/de\\\/karriere\\\/#breadcrumb\"},\"inLanguage\":\"de\",\"potentialAction\":[{\"@type\":\"ReadAction\",\"target\":[\"https:\\\/\\\/wellauer-tabak.ch\\\/de\\\/karriere\\\/\"]}]},{\"@type\":\"ImageObject\",\"inLanguage\":\"de\",\"@id\":\"https:\\\/\\\/wellauer-tabak.ch\\\/de\\\/karriere\\\/#primaryimage\",\"url\":\"https:\\\/\\\/wellauer-tabak.ch\\\/wp-content\\\/uploads\\\/2025\\\/04\\\/27d9f40f8a72d103aea04ea55ab5d4db.png\",\"contentUrl\":\"https:\\\/\\\/wellauer-tabak.ch\\\/wp-content\\\/uploads\\\/2025\\\/04\\\/27d9f40f8a72d103aea04ea55ab5d4db.png\"},{\"@type\":\"BreadcrumbList\",\"@id\":\"https:\\\/\\\/wellauer-tabak.ch\\\/de\\\/karriere\\\/#breadcrumb\",\"itemListElement\":[{\"@type\":\"ListItem\",\"position\":1,\"name\":\"Home\",\"item\":\"https:\\\/\\\/wellauer-tabak.ch\\\/de\\\/\"},{\"@type\":\"ListItem\",\"position\":2,\"name\":\"Karriere\"}]},{\"@type\":\"WebSite\",\"@id\":\"https:\\\/\\\/wellauer-tabak.ch\\\/de\\\/#website\",\"url\":\"https:\\\/\\\/wellauer-tabak.ch\\\/de\\\/\",\"name\":\"Wellauer\",\"description\":\"Wellauer Tabak\",\"publisher\":{\"@id\":\"https:\\\/\\\/wellauer-tabak.ch\\\/de\\\/#organization\"},\"potentialAction\":[{\"@type\":\"SearchAction\",\"target\":{\"@type\":\"EntryPoint\",\"urlTemplate\":\"https:\\\/\\\/wellauer-tabak.ch\\\/de\\\/?s={search_term_string}\"},\"query-input\":{\"@type\":\"PropertyValueSpecification\",\"valueRequired\":true,\"valueName\":\"search_term_string\"}}],\"inLanguage\":\"de\"},{\"@type\":\"Organization\",\"@id\":\"https:\\\/\\\/wellauer-tabak.ch\\\/de\\\/#organization\",\"name\":\"Wellauer\",\"url\":\"https:\\\/\\\/wellauer-tabak.ch\\\/de\\\/\",\"logo\":{\"@type\":\"ImageObject\",\"inLanguage\":\"de\",\"@id\":\"https:\\\/\\\/wellauer-tabak.ch\\\/de\\\/#\\\/schema\\\/logo\\\/image\\\/\",\"url\":\"https:\\\/\\\/wellauer-tabak.ch\\\/wp-content\\\/uploads\\\/2025\\\/03\\\/Logo.svg\",\"contentUrl\":\"https:\\\/\\\/wellauer-tabak.ch\\\/wp-content\\\/uploads\\\/2025\\\/03\\\/Logo.svg\",\"width\":204,\"height\":48,\"caption\":\"Wellauer\"},\"image\":{\"@id\":\"https:\\\/\\\/wellauer-tabak.ch\\\/de\\\/#\\\/schema\\\/logo\\\/image\\\/\"}}]}<\/script>\n<!-- \/ Yoast SEO plugin. -->","yoast_head_json":{"title":"Karriere - Wellauer","robots":{"index":"index","follow":"follow","max-snippet":"max-snippet:-1","max-image-preview":"max-image-preview:large","max-video-preview":"max-video-preview:-1"},"canonical":"https:\/\/wellauer-tabak.ch\/de\/karriere\/","og_locale":"de_DE","og_type":"article","og_title":"Karriere - Wellauer","og_description":"Werden Sie Teil von Wellauer! Bei Wellauer erwartet Sie ein respektvolles Miteinander, echte Wertsch\u00e4tzung und Raum zur Weiterentwicklung. Wir f\u00f6rdern Vielfalt, Chancengleichheit und Eigenverantwortung \u2013 und bieten ein motivierendes Umfeld f\u00fcr Menschen, die sich langfristig einbringen wollen. Bewerben Sie sich jetzt und werden Sie Teil unseres Teams. Offene Stellen bei [&hellip;]","og_url":"https:\/\/wellauer-tabak.ch\/de\/karriere\/","og_site_name":"Wellauer","article_modified_time":"2025-05-12T11:50:22+00:00","og_image":[{"url":"https:\/\/wellauer-tabak.ch\/wp-content\/uploads\/2025\/04\/27d9f40f8a72d103aea04ea55ab5d4db.png","type":"","width":"","height":""}],"twitter_card":"summary_large_image","twitter_misc":{"Gesch\u00e4tzte Lesezeit":"2\u00a0Minuten"},"schema":{"@context":"https:\/\/schema.org","@graph":[{"@type":"WebPage","@id":"https:\/\/wellauer-tabak.ch\/de\/karriere\/","url":"https:\/\/wellauer-tabak.ch\/de\/karriere\/","name":"Karriere - Wellauer","isPartOf":{"@id":"https:\/\/wellauer-tabak.ch\/de\/#website"},"primaryImageOfPage":{"@id":"https:\/\/wellauer-tabak.ch\/de\/karriere\/#primaryimage"},"image":{"@id":"https:\/\/wellauer-tabak.ch\/de\/karriere\/#primaryimage"},"thumbnailUrl":"https:\/\/wellauer-tabak.ch\/wp-content\/uploads\/2025\/04\/27d9f40f8a72d103aea04ea55ab5d4db.png","datePublished":"2025-05-12T11:25:24+00:00","dateModified":"2025-05-12T11:50:22+00:00","breadcrumb":{"@id":"https:\/\/wellauer-tabak.ch\/de\/karriere\/#breadcrumb"},"inLanguage":"de","potentialAction":[{"@type":"ReadAction","target":["https:\/\/wellauer-tabak.ch\/de\/karriere\/"]}]},{"@type":"ImageObject","inLanguage":"de","@id":"https:\/\/wellauer-tabak.ch\/de\/karriere\/#primaryimage","url":"https:\/\/wellauer-tabak.ch\/wp-content\/uploads\/2025\/04\/27d9f40f8a72d103aea04ea55ab5d4db.png","contentUrl":"https:\/\/wellauer-tabak.ch\/wp-content\/uploads\/2025\/04\/27d9f40f8a72d103aea04ea55ab5d4db.png"},{"@type":"BreadcrumbList","@id":"https:\/\/wellauer-tabak.ch\/de\/karriere\/#breadcrumb","itemListElement":[{"@type":"ListItem","position":1,"name":"Home","item":"https:\/\/wellauer-tabak.ch\/de\/"},{"@type":"ListItem","position":2,"name":"Karriere"}]},{"@type":"WebSite","@id":"https:\/\/wellauer-tabak.ch\/de\/#website","url":"https:\/\/wellauer-tabak.ch\/de\/","name":"Wellauer","description":"Wellauer Tabak","publisher":{"@id":"https:\/\/wellauer-tabak.ch\/de\/#organization"},"potentialAction":[{"@type":"SearchAction","target":{"@type":"EntryPoint","urlTemplate":"https:\/\/wellauer-tabak.ch\/de\/?s={search_term_string}"},"query-input":{"@type":"PropertyValueSpecification","valueRequired":true,"valueName":"search_term_string"}}],"inLanguage":"de"},{"@type":"Organization","@id":"https:\/\/wellauer-tabak.ch\/de\/#organization","name":"Wellauer","url":"https:\/\/wellauer-tabak.ch\/de\/","logo":{"@type":"ImageObject","inLanguage":"de","@id":"https:\/\/wellauer-tabak.ch\/de\/#\/schema\/logo\/image\/","url":"https:\/\/wellauer-tabak.ch\/wp-content\/uploads\/2025\/03\/Logo.svg","contentUrl":"https:\/\/wellauer-tabak.ch\/wp-content\/uploads\/2025\/03\/Logo.svg","width":204,"height":48,"caption":"Wellauer"},"image":{"@id":"https:\/\/wellauer-tabak.ch\/de\/#\/schema\/logo\/image\/"}}]}},"_links":{"self":[{"href":"https:\/\/wellauer-tabak.ch\/de\/wp-json\/wp\/v2\/pages\/2531","targetHints":{"allow":["GET"]}}],"collection":[{"href":"https:\/\/wellauer-tabak.ch\/de\/wp-json\/wp\/v2\/pages"}],"about":[{"href":"https:\/\/wellauer-tabak.ch\/de\/wp-json\/wp\/v2\/types\/page"}],"author":[{"embeddable":true,"href":"https:\/\/wellauer-tabak.ch\/de\/wp-json\/wp\/v2\/users\/1"}],"replies":[{"embeddable":true,"href":"https:\/\/wellauer-tabak.ch\/de\/wp-json\/wp\/v2\/comments?post=2531"}],"version-history":[{"count":10,"href":"https:\/\/wellauer-tabak.ch\/de\/wp-json\/wp\/v2\/pages\/2531\/revisions"}],"predecessor-version":[{"id":2550,"href":"https:\/\/wellauer-tabak.ch\/de\/wp-json\/wp\/v2\/pages\/2531\/revisions\/2550"}],"wp:attachment":[{"href":"https:\/\/wellauer-tabak.ch\/de\/wp-json\/wp\/v2\/media?parent=2531"}],"curies":[{"name":"wp","href":"https:\/\/api.w.org\/{rel}","templated":true}]}}