{"id":1977,"date":"2025-04-16T17:55:15","date_gmt":"2025-04-16T17:55:15","guid":{"rendered":"https:\/\/wellauer-tabak.ch\/?page_id=1977"},"modified":"2025-08-22T08:11:40","modified_gmt":"2025-08-22T06:11:40","slug":"geschichte","status":"publish","type":"page","link":"https:\/\/wellauer-tabak.ch\/de\/geschichte\/","title":{"rendered":"Geschichte"},"content":{"rendered":"\t\t<div data-elementor-type=\"wp-page\" data-elementor-id=\"1977\" class=\"elementor elementor-1977\" data-elementor-post-type=\"page\">\n\t\t\t\t<section class=\"elementor-element elementor-element-4d39854 e-flex e-con-boxed e-con e-parent\" data-id=\"4d39854\" data-element_type=\"container\" data-e-type=\"container\" data-settings=\"{&quot;background_background&quot;:&quot;classic&quot;,&quot;position&quot;:&quot;fixed&quot;}\">\n\t\t\t\t\t<div class=\"e-con-inner\">\n\t\t<div class=\"elementor-element elementor-element-47610b2 e-con-full e-flex e-con e-child\" data-id=\"47610b2\" data-element_type=\"container\" data-e-type=\"container\">\n\t\t\t\t<div class=\"elementor-element elementor-element-ac430f4 elementor-widget elementor-widget-heading\" data-id=\"ac430f4\" data-element_type=\"widget\" data-e-type=\"widget\" data-widget_type=\"heading.default\">\n\t\t\t\t<div class=\"elementor-widget-container\">\n\t\t\t\t\t<h1 class=\"elementor-heading-title elementor-size-default\">Tradition seit 1898.<\/h1>\t\t\t\t<\/div>\n\t\t\t\t<\/div>\n\t\t\t\t<div class=\"elementor-element elementor-element-cca0824 elementor-widget__width-initial elementor-widget-tablet__width-inherit elementor-widget elementor-widget-text-editor\" data-id=\"cca0824\" data-element_type=\"widget\" data-e-type=\"widget\" data-widget_type=\"text-editor.default\">\n\t\t\t\t<div class=\"elementor-widget-container\">\n\t\t\t\t\t\t\t\t\t<p>Seit \u00fcber 125 Jahren steht Wellauer f\u00fcr h\u00f6chste Qualit\u00e4t und Expertise in der Schweizer Tabakwelt. Was 1898 als Fachgesch\u00e4ft in St. Gallen begann, hat sich \u00fcber Generationen hinweg zu einem f\u00fchrenden Unternehmen im Tabakhandel entwickelt. Gepr\u00e4gt ist unsere Geschichte von Pioniergeist, einem stetig wachsenden Sortiment und best\u00e4ndiger Innovation.<\/p>\t\t\t\t\t\t\t\t<\/div>\n\t\t\t\t<\/div>\n\t\t\t\t<\/div>\n\t\t\t\t\t<\/div>\n\t\t\t\t<\/section>\n\t\t<div class=\"elementor-element elementor-element-9421165 animated-line e-flex e-con-boxed e-con e-parent\" data-id=\"9421165\" data-element_type=\"container\" data-e-type=\"container\" data-settings=\"{&quot;background_background&quot;:&quot;classic&quot;}\">\n\t\t\t\t\t<div class=\"e-con-inner\">\n\t\t\t\t<div class=\"elementor-element elementor-element-e66aa75 elementor-widget elementor-widget-dcwi--story-slider\" data-id=\"e66aa75\" data-element_type=\"widget\" data-e-type=\"widget\" data-widget_type=\"dcwi--story-slider.default\">\n\t\t\t\t<div class=\"elementor-widget-container\">\n\t\t\t\t\t        <section class=\"o-story-slider\">\n                            <span class=\"a-subheading\">Unsere Geschichte<\/span>\n                                        <h2 class=\"a-heading-lg\">Vom Fachgesch\u00e4ft zum Grosshandel<\/h2>\n            \n            <div class=\"m-slider-container\">\n                <div class=\"m-slider-images swiper\">\n                    <div class=\"m-slider-wrapper swiper-wrapper\">\n                                                    <div class=\"m-slide swiper-slide\">\n                                <div class=\"a-image-wrapper\">\n                                    <img decoding=\"async\" class=\"a-image\" src=\"https:\/\/wellauer-tabak.ch\/wp-content\/uploads\/2025\/04\/92fe556be2c8f29de176a20b16e.jpg\" alt=\"1898 \u2013Gr\u00fcndung durch Gottlieb Wellauer\" \/>\n                                <\/div>\n                            <\/div>\n                                                    <div class=\"m-slide swiper-slide\">\n                                <div class=\"a-image-wrapper\">\n                                    <img decoding=\"async\" class=\"a-image\" src=\"https:\/\/wellauer-tabak.ch\/wp-content\/uploads\/2025\/06\/Zeitung-Dezember-1938-min.jpg\" alt=\"1930er\u20131940er \u2013Expansion und neue Impulse\" \/>\n                                <\/div>\n                            <\/div>\n                                                    <div class=\"m-slide swiper-slide\">\n                                <div class=\"a-image-wrapper\">\n                                    <img decoding=\"async\" class=\"a-image\" src=\"https:\/\/wellauer-tabak.ch\/wp-content\/uploads\/2025\/06\/Eingang-G.-Wellauer-min.jpg\" alt=\"1940er\u20131980er \u2013 Wachstum und \u00dcbergang in die n\u00e4chste Generation\" \/>\n                                <\/div>\n                            <\/div>\n                                                    <div class=\"m-slide swiper-slide\">\n                                <div class=\"a-image-wrapper\">\n                                    <img decoding=\"async\" class=\"a-image\" src=\"https:\/\/wellauer-tabak.ch\/wp-content\/uploads\/2025\/06\/English-Blend-min.jpg\" alt=\"1987 \u2013Zusammenschluss mit der Peter Rohner AG\" \/>\n                                <\/div>\n                            <\/div>\n                                                    <div class=\"m-slide swiper-slide\">\n                                <div class=\"a-image-wrapper\">\n                                    <img decoding=\"async\" class=\"a-image\" src=\"https:\/\/wellauer-tabak.ch\/wp-content\/uploads\/2025\/06\/BU-Eingang.jpg\" alt=\"2002 \u2013Umzug des Hauptsitzes nach Buchs SG\" \/>\n                                <\/div>\n                            <\/div>\n                                                    <div class=\"m-slide swiper-slide\">\n                                <div class=\"a-image-wrapper\">\n                                    <img decoding=\"async\" class=\"a-image\" src=\"https:\/\/wellauer-tabak.ch\/wp-content\/uploads\/2025\/06\/DJI_0974-HDR-scaled-1.jpg\" alt=\"2017 \u2013R\u00fcckkehr nach Rheineck\" \/>\n                                <\/div>\n                            <\/div>\n                                                    <div class=\"m-slide swiper-slide\">\n                                <div class=\"a-image-wrapper\">\n                                    <img decoding=\"async\" class=\"a-image\" src=\"https:\/\/wellauer-tabak.ch\/wp-content\/uploads\/2025\/06\/2017-Portrait-Herr-Rohner-RGB-scaled-e1646642645515.jpg\" alt=\"2020 \u2013Abschied von Peter Rohner\" \/>\n                                <\/div>\n                            <\/div>\n                                            <\/div>\n                <\/div>\n\n                <div class=\"m-slider-text swiper\">\n                    <div class=\"m-slider-wrapper swiper-wrapper\">\n                                                    <div class=\"m-slide swiper-slide\">\n                                <div class=\"m-slide-content\">\n                                    <h3 class=\"a-heading-md\"><p>1898 \u2013<\/p><p>Gr\u00fcndung durch Gottlieb Wellauer<\/p><\/h3>\n                                    <p class=\"a-paragraph\">Gottlieb Wellauer er\u00f6ffnet sein erstes Fachgesch\u00e4ft an der Webergasse 1 in St. Gallen. Schon fr\u00fch importiert er Tabakwaren und Zubeh\u00f6r aus aller Welt und wird 1910 offizieller Importeur der renommierten Peterson-Pfeifen aus Irland.<\/p>\n                                <\/div>\n                            <\/div>\n                                                    <div class=\"m-slide swiper-slide\">\n                                <div class=\"m-slide-content\">\n                                    <h3 class=\"a-heading-md\"><p>1930er\u20131940er \u2013<\/p><p>Expansion und neue Impulse<\/p><\/h3>\n                                    <p class=\"a-paragraph\">Nach dem Tod von Gottlieb Wellauer \u00fcbernimmt sein Sohn Walter Wellauer das Gesch\u00e4ft. Mit seiner Erfahrung aus der Werbebranche setzt er neue Akzente und erweitert das Unternehmen um zwei zus\u00e4tzliche Fachgesch\u00e4fte. In dieser Zeit erscheint erstmals die Brosch\u00fcre \u00abWellauer\u2019s Zeitung an unsere Raucherfreunde\u00bb, und Wellauer wird zum ersten Schweizer Importeur von Camel-Zigaretten.<\/p>\n                                <\/div>\n                            <\/div>\n                                                    <div class=\"m-slide swiper-slide\">\n                                <div class=\"m-slide-content\">\n                                    <h3 class=\"a-heading-md\"><p>1940er\u20131980er \u2013 Wachstum und \u00dcbergang in die n\u00e4chste Generation<\/p><\/h3>\n                                    <p class=\"a-paragraph\">Die Er\u00f6ffnung einer Filiale am Leonhard in St. Gallen bringt auch den Hauptsitz dorthin. Die wachsende Nachfrage nach internationalen Tabakspezialit\u00e4ten treibt den Import weiter voran. Nach dem Tod von Walter Wellauer \u00fcbernimmt 1986 sein Sohn Andreas Wellauer die Firma, entscheidet sich jedoch 1987 f\u00fcr den Verkauf an die Peter Rohner AG in Rheineck.<\/p>\n                                <\/div>\n                            <\/div>\n                                                    <div class=\"m-slide swiper-slide\">\n                                <div class=\"m-slide-content\">\n                                    <h3 class=\"a-heading-md\"><p>1987 \u2013<br \/>Zusammenschluss mit der Peter Rohner AG<\/p><\/h3>\n                                    <p class=\"a-paragraph\">Die 1960 gegr\u00fcndete Peter Rohner AG hat sich als Grossh\u00e4ndler im Tabakmarkt etabliert. Nach der \u00dcbernahme durch Peter Rohner werden beide Unternehmen zur Wellauer &amp; Co. AG zusammengef\u00fchrt und von St. Gallen aus weitergef\u00fchrt.<\/p>\n                                <\/div>\n                            <\/div>\n                                                    <div class=\"m-slide swiper-slide\">\n                                <div class=\"m-slide-content\">\n                                    <h3 class=\"a-heading-md\"><p>2002 \u2013<br \/>Umzug des Hauptsitzes nach Buchs SG<\/p><\/h3>\n                                    <p class=\"a-paragraph\">Logistische Vorteile und die N\u00e4he zum Zollamt f\u00fchren dazu, dass der Hauptsitz nach Buchs SG verlegt wird. 2008 erh\u00e4lt das Unternehmen ein modernes Erscheinungsbild und tritt seither unter dem Namen Wellauer AG auf.<\/p>\n                                <\/div>\n                            <\/div>\n                                                    <div class=\"m-slide swiper-slide\">\n                                <div class=\"m-slide-content\">\n                                    <h3 class=\"a-heading-md\"><p>2017 \u2013<br \/>R\u00fcckkehr nach Rheineck<\/p><\/h3>\n                                    <p class=\"a-paragraph\">Nach 30 Jahren kehrt das Unternehmen an seine Wurzeln zur\u00fcck: Der Hauptsitz, der Grosshandel sowie Import und Verwaltung finden in Rheineck ein neues Zuhause. Hier entstehen optimale Bedingungen f\u00fcr Lagerung, Logistik und weiteres Wachstum.<\/p>\n                                <\/div>\n                            <\/div>\n                                                    <div class=\"m-slide swiper-slide\">\n                                <div class=\"m-slide-content\">\n                                    <h3 class=\"a-heading-md\"><p>2020 \u2013<br \/>Abschied von Peter Rohner<\/p><\/h3>\n                                    <p class=\"a-paragraph\">Im Juni 2020 verstirbt Peter Rohner, doch dank seiner vorausschauenden Planung bleibt die Wellauer AG unter bew\u00e4hrter F\u00fchrung. Sein Erbe pr\u00e4gt das Unternehmen weiter und sichert dessen Erfolg f\u00fcr die Zukunft.<\/p>\n                                <\/div>\n                            <\/div>\n                                            <\/div>\n                <\/div>\n            <\/div>\n\n            <div class=\"m-slide-counter\">\n                <span class=\"a-counter-text\"><\/span>\n                <div class=\"m-counter-dots swiper-pagination\"><\/div>\n            <\/div>\n\n            <div class=\"m-slide-arrows\">\n                <span class=\"m-slide-arrow-wrap\">\n                    <span class=\"a-arrow a-arrow--default a-arrow--prev\">\n                        <svg class=\"icon icon-arrow-right\">\n                            <use xlink:href=\"#icon-arrow-left\"><\/use>\n                        <\/svg>\n                    <\/span>\n                <\/span>\n                <span class=\"m-slide-arrow-wrap\">\n                    <span class=\"a-arrow a-arrow--default a-arrow--next\">\n                        <svg class=\"icon icon-arrow-right\">\n                            <use xlink:href=\"#icon-arrow-right\"><\/use>\n                        <\/svg>\n                    <\/span>\n                <\/span>\n            <\/div>\n        <\/section>\n        \t\t\t\t<\/div>\n\t\t\t\t<\/div>\n\t\t\t\t\t<\/div>\n\t\t\t\t<\/div>\n\t\t\t\t<\/div>\n\t\t","protected":false},"excerpt":{"rendered":"<p>Tradition seit 1898. Seit \u00fcber 125 Jahren steht Wellauer f\u00fcr h\u00f6chste Qualit\u00e4t und Expertise in der Schweizer Tabakwelt. Was 1898 als Fachgesch\u00e4ft in St. Gallen begann, hat sich \u00fcber Generationen hinweg zu einem f\u00fchrenden Unternehmen im Tabakhandel entwickelt. Gepr\u00e4gt ist unsere Geschichte von Pioniergeist, einem stetig wachsenden Sortiment und best\u00e4ndiger [&hellip;]<\/p>\n","protected":false},"author":1,"featured_media":0,"parent":0,"menu_order":0,"comment_status":"closed","ping_status":"closed","template":"","meta":{"_acf_changed":false,"footnotes":""},"class_list":["post-1977","page","type-page","status-publish","hentry"],"acf":[],"yoast_head":"<!-- This site is optimized with the Yoast SEO plugin v27.4 - https:\/\/yoast.com\/product\/yoast-seo-wordpress\/ -->\n<title>Geschichte - Wellauer<\/title>\n<meta name=\"robots\" content=\"index, follow, max-snippet:-1, max-image-preview:large, max-video-preview:-1\" \/>\n<link rel=\"canonical\" href=\"https:\/\/wellauer-tabak.ch\/de\/geschichte\/\" \/>\n<meta property=\"og:locale\" content=\"de_DE\" \/>\n<meta property=\"og:type\" content=\"article\" \/>\n<meta property=\"og:title\" content=\"Geschichte - Wellauer\" \/>\n<meta property=\"og:description\" content=\"Tradition seit 1898. Seit \u00fcber 125 Jahren steht Wellauer f\u00fcr h\u00f6chste Qualit\u00e4t und Expertise in der Schweizer Tabakwelt. Was 1898 als Fachgesch\u00e4ft in St. Gallen begann, hat sich \u00fcber Generationen hinweg zu einem f\u00fchrenden Unternehmen im Tabakhandel entwickelt. Gepr\u00e4gt ist unsere Geschichte von Pioniergeist, einem stetig wachsenden Sortiment und best\u00e4ndiger [&hellip;]\" \/>\n<meta property=\"og:url\" content=\"https:\/\/wellauer-tabak.ch\/de\/geschichte\/\" \/>\n<meta property=\"og:site_name\" content=\"Wellauer\" \/>\n<meta property=\"article:modified_time\" content=\"2025-08-22T06:11:40+00:00\" \/>\n<meta property=\"og:image\" content=\"https:\/\/wellauer-tabak.ch\/wp-content\/uploads\/2025\/04\/92fe556be2c8f29de176a20b16e.jpg\" \/>\n<meta name=\"twitter:card\" content=\"summary_large_image\" \/>\n<meta name=\"twitter:label1\" content=\"Gesch\u00e4tzte Lesezeit\" \/>\n\t<meta name=\"twitter:data1\" content=\"4\u00a0Minuten\" \/>\n<script type=\"application\/ld+json\" class=\"yoast-schema-graph\">{\"@context\":\"https:\\\/\\\/schema.org\",\"@graph\":[{\"@type\":\"WebPage\",\"@id\":\"https:\\\/\\\/wellauer-tabak.ch\\\/de\\\/geschichte\\\/\",\"url\":\"https:\\\/\\\/wellauer-tabak.ch\\\/de\\\/geschichte\\\/\",\"name\":\"Geschichte - Wellauer\",\"isPartOf\":{\"@id\":\"https:\\\/\\\/wellauer-tabak.ch\\\/de\\\/#website\"},\"primaryImageOfPage\":{\"@id\":\"https:\\\/\\\/wellauer-tabak.ch\\\/de\\\/geschichte\\\/#primaryimage\"},\"image\":{\"@id\":\"https:\\\/\\\/wellauer-tabak.ch\\\/de\\\/geschichte\\\/#primaryimage\"},\"thumbnailUrl\":\"https:\\\/\\\/wellauer-tabak.ch\\\/wp-content\\\/uploads\\\/2025\\\/04\\\/92fe556be2c8f29de176a20b16e.jpg\",\"datePublished\":\"2025-04-16T17:55:15+00:00\",\"dateModified\":\"2025-08-22T06:11:40+00:00\",\"breadcrumb\":{\"@id\":\"https:\\\/\\\/wellauer-tabak.ch\\\/de\\\/geschichte\\\/#breadcrumb\"},\"inLanguage\":\"de\",\"potentialAction\":[{\"@type\":\"ReadAction\",\"target\":[\"https:\\\/\\\/wellauer-tabak.ch\\\/de\\\/geschichte\\\/\"]}]},{\"@type\":\"ImageObject\",\"inLanguage\":\"de\",\"@id\":\"https:\\\/\\\/wellauer-tabak.ch\\\/de\\\/geschichte\\\/#primaryimage\",\"url\":\"https:\\\/\\\/wellauer-tabak.ch\\\/wp-content\\\/uploads\\\/2025\\\/04\\\/92fe556be2c8f29de176a20b16e.jpg\",\"contentUrl\":\"https:\\\/\\\/wellauer-tabak.ch\\\/wp-content\\\/uploads\\\/2025\\\/04\\\/92fe556be2c8f29de176a20b16e.jpg\"},{\"@type\":\"BreadcrumbList\",\"@id\":\"https:\\\/\\\/wellauer-tabak.ch\\\/de\\\/geschichte\\\/#breadcrumb\",\"itemListElement\":[{\"@type\":\"ListItem\",\"position\":1,\"name\":\"Home\",\"item\":\"https:\\\/\\\/wellauer-tabak.ch\\\/de\\\/\"},{\"@type\":\"ListItem\",\"position\":2,\"name\":\"Geschichte\"}]},{\"@type\":\"WebSite\",\"@id\":\"https:\\\/\\\/wellauer-tabak.ch\\\/de\\\/#website\",\"url\":\"https:\\\/\\\/wellauer-tabak.ch\\\/de\\\/\",\"name\":\"Wellauer\",\"description\":\"Wellauer Tabak\",\"publisher\":{\"@id\":\"https:\\\/\\\/wellauer-tabak.ch\\\/de\\\/#organization\"},\"potentialAction\":[{\"@type\":\"SearchAction\",\"target\":{\"@type\":\"EntryPoint\",\"urlTemplate\":\"https:\\\/\\\/wellauer-tabak.ch\\\/de\\\/?s={search_term_string}\"},\"query-input\":{\"@type\":\"PropertyValueSpecification\",\"valueRequired\":true,\"valueName\":\"search_term_string\"}}],\"inLanguage\":\"de\"},{\"@type\":\"Organization\",\"@id\":\"https:\\\/\\\/wellauer-tabak.ch\\\/de\\\/#organization\",\"name\":\"Wellauer\",\"url\":\"https:\\\/\\\/wellauer-tabak.ch\\\/de\\\/\",\"logo\":{\"@type\":\"ImageObject\",\"inLanguage\":\"de\",\"@id\":\"https:\\\/\\\/wellauer-tabak.ch\\\/de\\\/#\\\/schema\\\/logo\\\/image\\\/\",\"url\":\"https:\\\/\\\/wellauer-tabak.ch\\\/wp-content\\\/uploads\\\/2025\\\/03\\\/Logo.svg\",\"contentUrl\":\"https:\\\/\\\/wellauer-tabak.ch\\\/wp-content\\\/uploads\\\/2025\\\/03\\\/Logo.svg\",\"width\":204,\"height\":48,\"caption\":\"Wellauer\"},\"image\":{\"@id\":\"https:\\\/\\\/wellauer-tabak.ch\\\/de\\\/#\\\/schema\\\/logo\\\/image\\\/\"}}]}<\/script>\n<!-- \/ Yoast SEO plugin. -->","yoast_head_json":{"title":"Geschichte - Wellauer","robots":{"index":"index","follow":"follow","max-snippet":"max-snippet:-1","max-image-preview":"max-image-preview:large","max-video-preview":"max-video-preview:-1"},"canonical":"https:\/\/wellauer-tabak.ch\/de\/geschichte\/","og_locale":"de_DE","og_type":"article","og_title":"Geschichte - Wellauer","og_description":"Tradition seit 1898. Seit \u00fcber 125 Jahren steht Wellauer f\u00fcr h\u00f6chste Qualit\u00e4t und Expertise in der Schweizer Tabakwelt. Was 1898 als Fachgesch\u00e4ft in St. Gallen begann, hat sich \u00fcber Generationen hinweg zu einem f\u00fchrenden Unternehmen im Tabakhandel entwickelt. Gepr\u00e4gt ist unsere Geschichte von Pioniergeist, einem stetig wachsenden Sortiment und best\u00e4ndiger [&hellip;]","og_url":"https:\/\/wellauer-tabak.ch\/de\/geschichte\/","og_site_name":"Wellauer","article_modified_time":"2025-08-22T06:11:40+00:00","og_image":[{"url":"https:\/\/wellauer-tabak.ch\/wp-content\/uploads\/2025\/04\/92fe556be2c8f29de176a20b16e.jpg","type":"","width":"","height":""}],"twitter_card":"summary_large_image","twitter_misc":{"Gesch\u00e4tzte Lesezeit":"4\u00a0Minuten"},"schema":{"@context":"https:\/\/schema.org","@graph":[{"@type":"WebPage","@id":"https:\/\/wellauer-tabak.ch\/de\/geschichte\/","url":"https:\/\/wellauer-tabak.ch\/de\/geschichte\/","name":"Geschichte - Wellauer","isPartOf":{"@id":"https:\/\/wellauer-tabak.ch\/de\/#website"},"primaryImageOfPage":{"@id":"https:\/\/wellauer-tabak.ch\/de\/geschichte\/#primaryimage"},"image":{"@id":"https:\/\/wellauer-tabak.ch\/de\/geschichte\/#primaryimage"},"thumbnailUrl":"https:\/\/wellauer-tabak.ch\/wp-content\/uploads\/2025\/04\/92fe556be2c8f29de176a20b16e.jpg","datePublished":"2025-04-16T17:55:15+00:00","dateModified":"2025-08-22T06:11:40+00:00","breadcrumb":{"@id":"https:\/\/wellauer-tabak.ch\/de\/geschichte\/#breadcrumb"},"inLanguage":"de","potentialAction":[{"@type":"ReadAction","target":["https:\/\/wellauer-tabak.ch\/de\/geschichte\/"]}]},{"@type":"ImageObject","inLanguage":"de","@id":"https:\/\/wellauer-tabak.ch\/de\/geschichte\/#primaryimage","url":"https:\/\/wellauer-tabak.ch\/wp-content\/uploads\/2025\/04\/92fe556be2c8f29de176a20b16e.jpg","contentUrl":"https:\/\/wellauer-tabak.ch\/wp-content\/uploads\/2025\/04\/92fe556be2c8f29de176a20b16e.jpg"},{"@type":"BreadcrumbList","@id":"https:\/\/wellauer-tabak.ch\/de\/geschichte\/#breadcrumb","itemListElement":[{"@type":"ListItem","position":1,"name":"Home","item":"https:\/\/wellauer-tabak.ch\/de\/"},{"@type":"ListItem","position":2,"name":"Geschichte"}]},{"@type":"WebSite","@id":"https:\/\/wellauer-tabak.ch\/de\/#website","url":"https:\/\/wellauer-tabak.ch\/de\/","name":"Wellauer","description":"Wellauer Tabak","publisher":{"@id":"https:\/\/wellauer-tabak.ch\/de\/#organization"},"potentialAction":[{"@type":"SearchAction","target":{"@type":"EntryPoint","urlTemplate":"https:\/\/wellauer-tabak.ch\/de\/?s={search_term_string}"},"query-input":{"@type":"PropertyValueSpecification","valueRequired":true,"valueName":"search_term_string"}}],"inLanguage":"de"},{"@type":"Organization","@id":"https:\/\/wellauer-tabak.ch\/de\/#organization","name":"Wellauer","url":"https:\/\/wellauer-tabak.ch\/de\/","logo":{"@type":"ImageObject","inLanguage":"de","@id":"https:\/\/wellauer-tabak.ch\/de\/#\/schema\/logo\/image\/","url":"https:\/\/wellauer-tabak.ch\/wp-content\/uploads\/2025\/03\/Logo.svg","contentUrl":"https:\/\/wellauer-tabak.ch\/wp-content\/uploads\/2025\/03\/Logo.svg","width":204,"height":48,"caption":"Wellauer"},"image":{"@id":"https:\/\/wellauer-tabak.ch\/de\/#\/schema\/logo\/image\/"}}]}},"_links":{"self":[{"href":"https:\/\/wellauer-tabak.ch\/de\/wp-json\/wp\/v2\/pages\/1977","targetHints":{"allow":["GET"]}}],"collection":[{"href":"https:\/\/wellauer-tabak.ch\/de\/wp-json\/wp\/v2\/pages"}],"about":[{"href":"https:\/\/wellauer-tabak.ch\/de\/wp-json\/wp\/v2\/types\/page"}],"author":[{"embeddable":true,"href":"https:\/\/wellauer-tabak.ch\/de\/wp-json\/wp\/v2\/users\/1"}],"replies":[{"embeddable":true,"href":"https:\/\/wellauer-tabak.ch\/de\/wp-json\/wp\/v2\/comments?post=1977"}],"version-history":[{"count":65,"href":"https:\/\/wellauer-tabak.ch\/de\/wp-json\/wp\/v2\/pages\/1977\/revisions"}],"predecessor-version":[{"id":5666,"href":"https:\/\/wellauer-tabak.ch\/de\/wp-json\/wp\/v2\/pages\/1977\/revisions\/5666"}],"wp:attachment":[{"href":"https:\/\/wellauer-tabak.ch\/de\/wp-json\/wp\/v2\/media?parent=1977"}],"curies":[{"name":"wp","href":"https:\/\/api.w.org\/{rel}","templated":true}]}}